{"id":267,"date":"2024-04-19T15:28:09","date_gmt":"2024-04-19T14:28:09","guid":{"rendered":"https:\/\/aberaero.raspberry.temporarywebsiteaddress.com\/?page_id=267"},"modified":"2025-04-02T17:46:53","modified_gmt":"2025-04-02T16:46:53","slug":"play-senior","status":"publish","type":"page","link":"https:\/\/aberaeron7s.co.uk\/cy\/play\/play-senior\/","title":{"rendered":"Uwch gystadleuaeth"},"content":{"rendered":"\n<h2 class=\"wp-block-heading\">Gwybodaeth ar gyfer cystadlu<\/h2>\n\n\n\n<p><\/p>\n\n\n\n<p><em><strong>Dydd Sul 24 Awst 2025<\/strong><\/em><br><em><strong>Bydd <\/strong><\/em>dwy gystadleuaeth i\u2019r dynion yn 2025 &#8211; cystadleuaeth Elite a chystadleuaeth gymdeithasol. Bydd uchafswm o 8 t\u00eem ym mhob cystadleuaeth, a bydd mynediad i&#8217;r naill gystadleuaeth neu&#8217;r llall yn cael ei wneud trwy ddewis y t\u00eem sy&#8217;n ymgeisio.<\/p>\n\n\n\n<p>Yn \u00f4l yn \u00f4l yn \u00f4l y galw poblogaidd, byddwn yn cynnal cystadleuaeth lawn o ferched 8 t\u00eem ar gyfer 2025.<\/p>\n\n\n\n<p>Rhowch drwy glicio ar y ddolen briodol.<br><strong>(Sgroliwch i lawr i archebu&#8217;ch lle)<\/strong><\/p>\n\n\n\n<p><\/p>\n\n\n\n<p>Ar gyfer pob t\u00eem a gystadlwyd: Bydd pob aelod o&#8217;r garfan (a dau hyfforddwr) yn derbyn band arddwrn a fydd yn rhoi hawl iddynt gael 5 diod \u00e2 chymhorthdal ym mar y Chwaraewyr, a fydd yn agor ar \u00f4l dechrau dechrau&#8217;r rown gyn derfynnol ymhob cystadleuaeth y gystadleuaeth.<\/p>\n\n\n\n<p>Bydd gan chwaraewyr fynediad hefyd i brynu cynhyrchion maeth ac ailhydradu yn ystod y gystadleuaeth yng nghanolfan y chwaraewyr<\/p>\n\n\n\n<p>Darperir cyfeiriadau at yr holl chwaraewyr. Bwyd a diod ar gael i&#8217;w prynu i&#8217;r holl deulu a chefnogwyr.&nbsp;<\/p>\n\n\n\n<p><strong>Taflenni t\u00eem.<\/strong><br>Ar gael<a href=\"https:\/\/aberaeron7s.co.uk\/wp-content\/uploads\/2024\/06\/team_sheet_7saberaeron.doc\">&nbsp;yma&nbsp;<\/a>i&#8217;w lawrlwytho. Argraffwch a dewch gyda chi. Bydd cop\u00efau ar gael hefyd ar y diwrnod.<\/p>\n\n\n\n<p><strong>Parcio<\/strong><br>Digon o lefydd parcio ar gael yn y Clwb Rygbi.\u200b<\/p>\n\n\n<style id=\"wpforms-css-vars-57\">\n\t\t\t\t#wpforms-57 {\n\t\t\t\t\n\t\t\t}\n\t\t\t<\/style><div class=\"wpforms-container wpforms-container-full wpforms-render-modern\" id=\"wpforms-57\"><form id=\"wpforms-form-57\" class=\"wpforms-validate wpforms-form wpforms-ajax-form\" data-formid=\"57\" method=\"post\" enctype=\"multipart\/form-data\" action=\"\/cy\/wp-json\/wp\/v2\/pages\/267\" data-token=\"80f217204861d174cb03111ad29254a0\" data-token-time=\"1776608866\"><noscript class=\"wpforms-error-noscript\">Please enable JavaScript in your browser to complete this form.<\/noscript><div id=\"wpforms-error-noscript\" style=\"display: none;\">Please enable JavaScript in your browser to complete this form.<\/div><div class=\"wpforms-field-container\"><div id=\"wpforms-57-field_3-container\" class=\"wpforms-field wpforms-field-text\" data-field-id=\"3\"><label class=\"wpforms-field-label\" for=\"wpforms-57-field_3\">Enw&#039;r Tim - Team name <span class=\"wpforms-required-label\" aria-hidden=\"true\">*<\/span><\/label><input type=\"text\" id=\"wpforms-57-field_3\" class=\"wpforms-field-medium wpforms-field-required\" name=\"wpforms[fields][3]\" aria-errormessage=\"wpforms-57-field_3-error\" required><\/div><div id=\"wpforms-57-field_4-container\" class=\"wpforms-field wpforms-field-text\" data-field-id=\"4\"><label class=\"wpforms-field-label\" for=\"wpforms-57-field_4\">Lliwiau : Colours <span class=\"wpforms-required-label\" aria-hidden=\"true\">*<\/span><\/label><input type=\"text\" id=\"wpforms-57-field_4\" class=\"wpforms-field-medium wpforms-field-required\" name=\"wpforms[fields][4]\" aria-errormessage=\"wpforms-57-field_4-error\" required><\/div><div id=\"wpforms-57-field_6-container\" class=\"wpforms-field wpforms-field-select wpforms-field-select-style-classic\" data-field-id=\"6\"><label class=\"wpforms-field-label\" for=\"wpforms-57-field_6\">Team Category <span class=\"wpforms-required-label\" aria-hidden=\"true\">*<\/span><\/label><select id=\"wpforms-57-field_6\" class=\"wpforms-field-medium wpforms-field-required\" name=\"wpforms[fields][6]\" required=\"required\"><option value=\"Elite\"  class=\"choice-6 depth-1\"  >Elite<\/option><option value=\"Social\"  class=\"choice-7 depth-1\"  >Social<\/option><option value=\"Ladies\"  class=\"choice-8 depth-1\"  >Ladies<\/option><\/select><\/div><div id=\"wpforms-57-field_0-container\" class=\"wpforms-field wpforms-field-name\" data-field-id=\"0\"><fieldset><legend class=\"wpforms-field-label\">Name - Enw <span class=\"wpforms-required-label\" aria-hidden=\"true\">*<\/span><\/legend><div class=\"wpforms-field-row wpforms-field-medium\"><div class=\"wpforms-field-row-block wpforms-first wpforms-one-half\"><input type=\"text\" id=\"wpforms-57-field_0\" class=\"wpforms-field-name-first wpforms-field-required\" name=\"wpforms[fields][0][first]\" aria-errormessage=\"wpforms-57-field_0-error\" required><label for=\"wpforms-57-field_0\" class=\"wpforms-field-sublabel after\">First<\/label><\/div><div class=\"wpforms-field-row-block wpforms-one-half\"><input type=\"text\" id=\"wpforms-57-field_0-last\" class=\"wpforms-field-name-last wpforms-field-required\" name=\"wpforms[fields][0][last]\" aria-errormessage=\"wpforms-57-field_0-last-error\" required><label for=\"wpforms-57-field_0-last\" class=\"wpforms-field-sublabel after\">Last<\/label><\/div><\/div><\/fieldset><\/div><div id=\"wpforms-57-field_1-container\" class=\"wpforms-field wpforms-field-email\" data-field-id=\"1\"><label class=\"wpforms-field-label\" for=\"wpforms-57-field_1\">Email - Ebost <span class=\"wpforms-required-label\" aria-hidden=\"true\">*<\/span><\/label><input type=\"email\" id=\"wpforms-57-field_1\" class=\"wpforms-field-medium wpforms-field-required\" name=\"wpforms[fields][1]\" spellcheck=\"false\" aria-errormessage=\"wpforms-57-field_1-error\" required><\/div><div id=\"wpforms-57-field_7-container\" class=\"wpforms-field wpforms-field-text\" data-field-id=\"7\"><label class=\"wpforms-field-label\" for=\"wpforms-57-field_7\">Phone number - Rhif ffon <span class=\"wpforms-required-label\" aria-hidden=\"true\">*<\/span><\/label><input type=\"text\" id=\"wpforms-57-field_7\" class=\"wpforms-field-medium wpforms-field-required\" name=\"wpforms[fields][7]\" aria-errormessage=\"wpforms-57-field_7-error\" required><\/div><div id=\"wpforms-57-field_9-container\" class=\"wpforms-field wpforms-field-textarea\" data-field-id=\"9\"><label class=\"wpforms-field-label\" for=\"wpforms-57-field_9\">Address - Cyfeiriad <span class=\"wpforms-required-label\" aria-hidden=\"true\">*<\/span><\/label><textarea id=\"wpforms-57-field_9\" class=\"wpforms-field-medium wpforms-field-required\" name=\"wpforms[fields][9]\" aria-errormessage=\"wpforms-57-field_9-error\" required><\/textarea><\/div><div id=\"wpforms-57-field_8-container\" class=\"wpforms-field wpforms-field-text\" data-field-id=\"8\"><label class=\"wpforms-field-label\" for=\"wpforms-57-field_8\">Post Code - Cod Post <span class=\"wpforms-required-label\" aria-hidden=\"true\">*<\/span><\/label><input type=\"text\" id=\"wpforms-57-field_8\" class=\"wpforms-field-medium wpforms-field-required\" name=\"wpforms[fields][8]\" aria-errormessage=\"wpforms-57-field_8-error\" required><\/div><div id=\"wpforms-57-field_2-container\" class=\"wpforms-field wpforms-field-textarea\" data-field-id=\"2\"><label class=\"wpforms-field-label\" for=\"wpforms-57-field_2\">Message - Neges<\/label><textarea id=\"wpforms-57-field_2\" class=\"wpforms-field-medium\" name=\"wpforms[fields][2]\" aria-errormessage=\"wpforms-57-field_2-error\" ><\/textarea><\/div><\/div><!-- .wpforms-field-container --><div class=\"wpforms-recaptcha-container wpforms-is-recaptcha wpforms-is-recaptcha-type-v3\" ><input type=\"hidden\" name=\"wpforms[recaptcha]\" value=\"\"><\/div><div class=\"wpforms-submit-container\" ><input type=\"hidden\" name=\"wpforms[id]\" value=\"57\"><input type=\"hidden\" name=\"page_title\" value=\"\"><input type=\"hidden\" name=\"page_url\" value=\"https:\/\/aberaeron7s.co.uk\/cy\/wp-json\/wp\/v2\/pages\/267\"><input type=\"hidden\" name=\"url_referer\" value=\"\"><button type=\"submit\" name=\"wpforms[submit]\" id=\"wpforms-submit-57\" class=\"wpforms-submit\" data-alt-text=\"Yn anfon | Sending\u2026\" data-submit-text=\"Pay - Talu\" aria-live=\"assertive\" value=\"wpforms-submit\">Pay - Talu<\/button><img loading=\"lazy\" decoding=\"async\" src=\"https:\/\/aberaeron7s.co.uk\/wp-content\/plugins\/wpforms-lite\/assets\/images\/submit-spin.svg\" class=\"wpforms-submit-spinner\" style=\"display: none;\" width=\"26\" height=\"26\" alt=\"Loading\"><\/div><\/form><\/div>  <!-- .wpforms-container -->\n","protected":false},"excerpt":{"rendered":"<p>Gwybodaeth ar gyfer cystadlu Dydd Sul 24 Awst 2025Bydd dwy gystadleuaeth i\u2019r dynion yn 2025 &#8211; cystadleuaeth Elite a chystadleuaeth gymdeithasol. Bydd uchafswm o 8 t\u00eem ym mhob cystadleuaeth, a bydd mynediad i&#8217;r naill gystadleuaeth neu&#8217;r llall yn cael ei wneud trwy ddewis y t\u00eem sy&#8217;n ymgeisio. Yn \u00f4l yn \u00f4l yn \u00f4l y galw &hellip; <\/p>\n<p class=\"link-more\"><a href=\"https:\/\/aberaeron7s.co.uk\/cy\/play\/play-senior\/\" class=\"more-link\">Read more<span class=\"screen-reader-text\"> &#8220;Uwch gystadleuaeth&#8221;<\/span><\/a><\/p>\n","protected":false},"author":1,"featured_media":0,"parent":48,"menu_order":0,"comment_status":"closed","ping_status":"closed","template":"","meta":{"om_disable_all_campaigns":false,"_lmt_disableupdate":"","_lmt_disable":"","_monsterinsights_skip_tracking":false,"_monsterinsights_sitenote_active":false,"_monsterinsights_sitenote_note":"","_monsterinsights_sitenote_category":0,"_uf_show_specific_survey":0,"_uf_disable_surveys":false,"footnotes":""},"class_list":["post-267","page","type-page","status-publish","hentry"],"translation":{"provider":"WPGlobus","version":"3.0.2","language":"cy","enabled_languages":["gb","cy"],"languages":{"gb":{"title":true,"content":true,"excerpt":false},"cy":{"title":true,"content":true,"excerpt":false}}},"aioseo_notices":[],"_links":{"self":[{"href":"https:\/\/aberaeron7s.co.uk\/cy\/wp-json\/wp\/v2\/pages\/267","targetHints":{"allow":["GET"]}}],"collection":[{"href":"https:\/\/aberaeron7s.co.uk\/cy\/wp-json\/wp\/v2\/pages"}],"about":[{"href":"https:\/\/aberaeron7s.co.uk\/cy\/wp-json\/wp\/v2\/types\/page"}],"author":[{"embeddable":true,"href":"https:\/\/aberaeron7s.co.uk\/cy\/wp-json\/wp\/v2\/users\/1"}],"replies":[{"embeddable":true,"href":"https:\/\/aberaeron7s.co.uk\/cy\/wp-json\/wp\/v2\/comments?post=267"}],"version-history":[{"count":25,"href":"https:\/\/aberaeron7s.co.uk\/cy\/wp-json\/wp\/v2\/pages\/267\/revisions"}],"predecessor-version":[{"id":634,"href":"https:\/\/aberaeron7s.co.uk\/cy\/wp-json\/wp\/v2\/pages\/267\/revisions\/634"}],"up":[{"embeddable":true,"href":"https:\/\/aberaeron7s.co.uk\/cy\/wp-json\/wp\/v2\/pages\/48"}],"wp:attachment":[{"href":"https:\/\/aberaeron7s.co.uk\/cy\/wp-json\/wp\/v2\/media?parent=267"}],"curies":[{"name":"wp","href":"https:\/\/api.w.org\/{rel}","templated":true}]}}