{"id":65,"date":"2024-03-21T15:58:59","date_gmt":"2024-03-21T15:58:59","guid":{"rendered":"https:\/\/aberaero.raspberry.temporarywebsiteaddress.com\/?page_id=65"},"modified":"2024-03-21T16:21:49","modified_gmt":"2024-03-21T16:21:49","slug":"history","status":"publish","type":"page","link":"https:\/\/aberaeron7s.co.uk\/cy\/history\/","title":{"rendered":"Hanes"},"content":{"rendered":"\n<p>Mae cystadleuaeth saith bob ochr Aberaeron yn hawlio&#8217;i lle yn chwedloniaeth \u00a0rygbi Cymru. Yn ystod y saithdegau, Aberaeron oedd y lle i fod ddiwedd Awst os am weld rhai o enwogion y g\u00eam yng Nghymru. Dyma rhai lluniau i ddod \u00e2&#8217;r atgofion yn \u00f4l. Diolch i\u00a0Jim yn y Black Lion, Aberaeron am gael eu defnyddio yma &#8211; mae casgliad gwych o luniau ar y wal yn y Black &#8211; esgys i chi gael peint wrth eu hastudio.<\/p>\n\n\n\n<div class=\"wp-block-media-text is-stacked-on-mobile\"><figure class=\"wp-block-media-text__media\"><img loading=\"lazy\" decoding=\"async\" width=\"640\" height=\"402\" src=\"https:\/\/aberaero.raspberry.temporarywebsiteaddress.com\/wp-content\/uploads\/2024\/03\/Brynnmor-Williams.jpg\" alt=\"\" class=\"wp-image-66 size-full\" srcset=\"https:\/\/aberaeron7s.co.uk\/wp-content\/uploads\/2024\/03\/Brynnmor-Williams.jpg 640w, https:\/\/aberaeron7s.co.uk\/wp-content\/uploads\/2024\/03\/Brynnmor-Williams-300x188.jpg 300w\" sizes=\"auto, (max-width: 640px) 100vw, 640px\" \/><\/figure><div class=\"wp-block-media-text__content\">\n<p>Dyma Brynmor Williams yn ennill y wobr am chwaraewyr mwyaf disglair y gystadleuaeth yn 1974, gan dderbyn y wobr gan Rex Willis. Mae wyr Rex nawr yn chwarae i d\u00eem dan 15 Aberaeron.<\/p>\n<\/div><\/div>\n\n\n\n<div class=\"wp-block-media-text has-media-on-the-right is-stacked-on-mobile\"><div class=\"wp-block-media-text__content\">\n<p>JPR Williams yn gapten ar d\u00eem y Voyagers, enillwyr y gystadleuaeth yn 1975. Erbyn hynny wrth gwrs, &#8216;roedd JPR yn fyd enwog ac eisoes wedi cyflawni llawer ar feysydd ar hyd a lled y byd, ond mae i&#8217;w weld yn hapus iawn fan hyn yn ennill y cwpan yn Aberaeorn a&#8217;i dderbyn oddi wrth Handel Rogers, Llywydd Undeb Rygbi Cymru. Sylwch ar y teis yn y dorf &#8211; heb weld yr un tei yn 7s Aberaeron ers sbel!<\/p>\n<\/div><figure class=\"wp-block-media-text__media\"><img loading=\"lazy\" decoding=\"async\" width=\"250\" height=\"179\" src=\"https:\/\/aberaero.raspberry.temporarywebsiteaddress.com\/wp-content\/uploads\/2024\/03\/JPR-Williams-e1711037915758.jpg\" alt=\"\" class=\"wp-image-67 size-full\"\/><\/figure><\/div>\n\n\n\n<div class=\"wp-block-media-text is-stacked-on-mobile\"><figure class=\"wp-block-media-text__media\"><img loading=\"lazy\" decoding=\"async\" width=\"640\" height=\"458\" src=\"https:\/\/aberaero.raspberry.temporarywebsiteaddress.com\/wp-content\/uploads\/2024\/03\/Caerdydd-Cardiff.jpg\" alt=\"\" class=\"wp-image-68 size-full\" srcset=\"https:\/\/aberaeron7s.co.uk\/wp-content\/uploads\/2024\/03\/Caerdydd-Cardiff.jpg 640w, https:\/\/aberaeron7s.co.uk\/wp-content\/uploads\/2024\/03\/Caerdydd-Cardiff-300x215.jpg 300w\" sizes=\"auto, (max-width: 640px) 100vw, 640px\" \/><\/figure><div class=\"wp-block-media-text__content\">\n<p>Yn 1978, Caerdydd gododd y cwpan. Alan Phillips, rheolwr t\u00eem Cymru sydd ar y blaen ar y dde. Bu bron i&#8217;r t\u00eem yma gael eu curo gan Aberaeron yn y cwarteri &#8211; 11-8 oedd y sgor yn erbyn y t\u00eem lleol oedd yn cynnwys Alun Rees, Glyn Castell, Peter Merrit, Dai Gatehouse (llanwch y bylchau). Bu ymdrech i gael llun o&#8217;r arwyr lleol ond dorrodd y camera.<\/p>\n<\/div><\/div>\n\n\n\n<div class=\"wp-block-media-text has-media-on-the-right is-stacked-on-mobile\"><div class=\"wp-block-media-text__content\">\n<p>Tro Pontypridd oedd hi i gipio&#8217;r tlws yn 1979 gyda Tommy David yn arwain y gad.\u00a0<br>Erbyn y 90au a dyfodiad y g\u00eam proffesiynol, prin oedd y chwaraewyr rhyngwladol fu&#8217;n ymddangos yn y gystadleuaeth.<br>Erbyn hyn, mae&#8217;r rygbi&#8217;r un mor gyffrous,a&#8217;r parti sydd yn mynd ochr yn ochr \u00e2&#8217;r chwarae yr un mor fyrlymus.<\/p>\n<\/div><figure class=\"wp-block-media-text__media\"><img loading=\"lazy\" decoding=\"async\" width=\"640\" height=\"476\" src=\"https:\/\/aberaero.raspberry.temporarywebsiteaddress.com\/wp-content\/uploads\/2024\/03\/Tommy-David.jpg\" alt=\"\" class=\"wp-image-69 size-full\" srcset=\"https:\/\/aberaeron7s.co.uk\/wp-content\/uploads\/2024\/03\/Tommy-David.jpg 640w, https:\/\/aberaeron7s.co.uk\/wp-content\/uploads\/2024\/03\/Tommy-David-300x223.jpg 300w\" sizes=\"auto, (max-width: 640px) 100vw, 640px\" \/><\/figure><\/div>\n\n\n\n<div style=\"height:100px\" aria-hidden=\"true\" class=\"wp-block-spacer\"><\/div>\n","protected":false},"excerpt":{"rendered":"<p>Mae cystadleuaeth saith bob ochr Aberaeron yn hawlio&#8217;i lle yn chwedloniaeth \u00a0rygbi Cymru. Yn ystod y saithdegau, Aberaeron oedd y lle i fod ddiwedd Awst os am weld rhai o enwogion y g\u00eam yng Nghymru. Dyma rhai lluniau i ddod \u00e2&#8217;r atgofion yn \u00f4l. Diolch i\u00a0Jim yn y Black Lion, Aberaeron am gael eu defnyddio &hellip; <\/p>\n<p class=\"link-more\"><a href=\"https:\/\/aberaeron7s.co.uk\/cy\/history\/\" class=\"more-link\">Read more<span class=\"screen-reader-text\"> &#8220;Hanes&#8221;<\/span><\/a><\/p>\n","protected":false},"author":1,"featured_media":0,"parent":0,"menu_order":0,"comment_status":"closed","ping_status":"closed","template":"","meta":{"om_disable_all_campaigns":false,"_lmt_disableupdate":"","_lmt_disable":"","_monsterinsights_skip_tracking":false,"_monsterinsights_sitenote_active":false,"_monsterinsights_sitenote_note":"","_monsterinsights_sitenote_category":0,"_uf_show_specific_survey":0,"_uf_disable_surveys":false,"footnotes":""},"class_list":["post-65","page","type-page","status-publish","hentry"],"translation":{"provider":"WPGlobus","version":"3.0.2","language":"cy","enabled_languages":["gb","cy"],"languages":{"gb":{"title":true,"content":true,"excerpt":false},"cy":{"title":true,"content":true,"excerpt":false}}},"aioseo_notices":[],"_links":{"self":[{"href":"https:\/\/aberaeron7s.co.uk\/cy\/wp-json\/wp\/v2\/pages\/65","targetHints":{"allow":["GET"]}}],"collection":[{"href":"https:\/\/aberaeron7s.co.uk\/cy\/wp-json\/wp\/v2\/pages"}],"about":[{"href":"https:\/\/aberaeron7s.co.uk\/cy\/wp-json\/wp\/v2\/types\/page"}],"author":[{"embeddable":true,"href":"https:\/\/aberaeron7s.co.uk\/cy\/wp-json\/wp\/v2\/users\/1"}],"replies":[{"embeddable":true,"href":"https:\/\/aberaeron7s.co.uk\/cy\/wp-json\/wp\/v2\/comments?post=65"}],"version-history":[{"count":5,"href":"https:\/\/aberaeron7s.co.uk\/cy\/wp-json\/wp\/v2\/pages\/65\/revisions"}],"predecessor-version":[{"id":77,"href":"https:\/\/aberaeron7s.co.uk\/cy\/wp-json\/wp\/v2\/pages\/65\/revisions\/77"}],"wp:attachment":[{"href":"https:\/\/aberaeron7s.co.uk\/cy\/wp-json\/wp\/v2\/media?parent=65"}],"curies":[{"name":"wp","href":"https:\/\/api.w.org\/{rel}","templated":true}]}}